{"id":8,"date":"2015-02-20T20:12:00","date_gmt":"2015-02-20T20:12:00","guid":{"rendered":"http:\/\/avada.theme-fusion.com_demos\/law\/?page_id=8"},"modified":"2022-10-22T12:33:34","modified_gmt":"2022-10-22T10:33:34","slug":"home","status":"publish","type":"page","link":"https:\/\/www.lionstrevisosile.com\/","title":{"rendered":"Home"},"content":{"rendered":"<p><div class=\"fusion-fullwidth fullwidth-box fusion-builder-row-1 fusion-flex-container nonhundred-percent-fullwidth non-hundred-percent-height-scrolling\" style=\"--awb-border-radius-top-left:0px;--awb-border-radius-top-right:0px;--awb-border-radius-bottom-right:0px;--awb-border-radius-bottom-left:0px;\" ><div class=\"fusion-builder-row fusion-row fusion-flex-align-items-flex-start\" style=\"max-width:1248px;margin-left: calc(-4% \/ 2 );margin-right: calc(-4% \/ 2 );\"><div class=\"fusion-layout-column fusion_builder_column fusion-builder-column-0 fusion_builder_column_1_1 1_1 fusion-flex-column\" style=\"--awb-bg-size:cover;--awb-width-large:100%;--awb-margin-top-large:0px;--awb-spacing-right-large:1.92%;--awb-margin-bottom-large:20px;--awb-spacing-left-large:1.92%;--awb-width-medium:100%;--awb-order-medium:0;--awb-spacing-right-medium:1.92%;--awb-spacing-left-medium:1.92%;--awb-width-small:100%;--awb-order-small:0;--awb-spacing-right-small:1.92%;--awb-spacing-left-small:1.92%;\"><div class=\"fusion-column-wrapper fusion-column-has-shadow fusion-flex-justify-content-flex-start fusion-content-layout-column\"><div class=\"fusion-text fusion-text-1\"><h3 style=\"text-align: center;\">CHI SIAMO<\/h3>\n<\/div><\/div><\/div><div class=\"fusion-layout-column fusion_builder_column fusion-builder-column-1 fusion_builder_column_1_1 1_1 fusion-flex-column\" style=\"--awb-bg-size:cover;--awb-width-large:100%;--awb-margin-top-large:0px;--awb-spacing-right-large:1.92%;--awb-margin-bottom-large:0px;--awb-spacing-left-large:1.92%;--awb-width-medium:100%;--awb-spacing-right-medium:1.92%;--awb-spacing-left-medium:1.92%;--awb-width-small:100%;--awb-spacing-right-small:1.92%;--awb-spacing-left-small:1.92%;\"><div class=\"fusion-column-wrapper fusion-flex-justify-content-flex-start fusion-content-layout-column\"><div class=\"fusion-text fusion-text-2\"><h6><span style=\"background-color: rgba(255, 255, 255, 0); color: var(--body_typography-color); font-family: var(--body_typography-font-family); font-size: var(--body_typography-font-size); font-style: var(--body_typography-font-style,normal); letter-spacing: var(--body_typography-letter-spacing);\">COSTITUITO IL 18.06.1983<\/span><\/h6>\n<h6>CLUB SPONSOR: LIONS CLUB LIGNANO SABBIADORO<\/h6>\n<h6>GEMELLATO CON: L.C.FIRENZE PITTI E L.C.ABAZIA (CROAZIA)<\/h6>\n<p>I Lions clubs, il cui numero attualmente supera i 44.000, costituiscono la pi\u00f9 vasta ed efficiente organizzazione di servizio volontario nel mondo con 1,4 milioni di soci che servono in oltre 180 paesi ed aree geografiche. L&#8217;associazione ha lo scopo di creare e stimolare uno spirito di comprensione fra i popoli del mondo, di prendere attivo interesse al bene civico, culturale, sociale e morale delle comunit\u00e0 avvalendosi della collaborazione di Clubs, senza per\u00f2 prendere parte a fazioni partitiche o a settarismi confessionali. Organizzata a Chicago, Illinois, USA nel 1917 da Melvin Jones, un affermato agente di assicurazione, e da altri professionisti, il Lions Clubs International ha sin dall&#8217;inizio offerto a persone di alte qualit\u00e0 morali e professionali e disponibili a servire, l&#8217;opportunit\u00e0 di avvalersi del loro successo per aiutare i meno fortunati. L&#8217;Associazione inizi\u00f2 la sua diffusione negli altri paesi nel 1920, in seguito all&#8217;organizzazione del primo Club in Canada. I Lions si impegnano ovunque sia richiesto o opportuno un intervento, in qualsiasi settore dei bisogni sociali e civili.<\/p>\n<\/div><\/div><\/div><\/div><\/div><div class=\"fusion-fullwidth fullwidth-box fusion-builder-row-2 fusion-flex-container has-pattern-background has-mask-background nonhundred-percent-fullwidth non-hundred-percent-height-scrolling\" style=\"--awb-border-radius-top-left:0px;--awb-border-radius-top-right:0px;--awb-border-radius-bottom-right:0px;--awb-border-radius-bottom-left:0px;\" ><div class=\"fusion-builder-row fusion-row fusion-flex-align-items-flex-start\" style=\"max-width:1248px;margin-left: calc(-4% \/ 2 );margin-right: calc(-4% \/ 2 );\"><\/div><\/div><\/p>\n","protected":false},"excerpt":{"rendered":"","protected":false},"author":1,"featured_media":0,"parent":0,"menu_order":0,"comment_status":"open","ping_status":"open","template":"100-width.php","meta":{"footnotes":""},"class_list":["post-8","page","type-page","status-publish","hentry"],"_links":{"self":[{"href":"https:\/\/www.lionstrevisosile.com\/index.php?rest_route=\/wp\/v2\/pages\/8","targetHints":{"allow":["GET"]}}],"collection":[{"href":"https:\/\/www.lionstrevisosile.com\/index.php?rest_route=\/wp\/v2\/pages"}],"about":[{"href":"https:\/\/www.lionstrevisosile.com\/index.php?rest_route=\/wp\/v2\/types\/page"}],"author":[{"embeddable":true,"href":"https:\/\/www.lionstrevisosile.com\/index.php?rest_route=\/wp\/v2\/users\/1"}],"replies":[{"embeddable":true,"href":"https:\/\/www.lionstrevisosile.com\/index.php?rest_route=%2Fwp%2Fv2%2Fcomments&post=8"}],"version-history":[{"count":34,"href":"https:\/\/www.lionstrevisosile.com\/index.php?rest_route=\/wp\/v2\/pages\/8\/revisions"}],"predecessor-version":[{"id":1232,"href":"https:\/\/www.lionstrevisosile.com\/index.php?rest_route=\/wp\/v2\/pages\/8\/revisions\/1232"}],"wp:attachment":[{"href":"https:\/\/www.lionstrevisosile.com\/index.php?rest_route=%2Fwp%2Fv2%2Fmedia&parent=8"}],"curies":[{"name":"wp","href":"https:\/\/api.w.org\/{rel}","templated":true}]}}