{"id":1071,"date":"2017-10-27T11:14:06","date_gmt":"2017-10-27T09:14:06","guid":{"rendered":"http:\/\/new.lions-treviso-sile.it\/?page_id=1071"},"modified":"2022-10-22T14:46:19","modified_gmt":"2022-10-22T12:46:19","slug":"service","status":"publish","type":"page","link":"https:\/\/www.lionstrevisosile.com\/?page_id=1071","title":{"rendered":"Service"},"content":{"rendered":"<div class=\"fusion-fullwidth fullwidth-box fusion-builder-row-1 fusion-flex-container has-pattern-background has-mask-background nonhundred-percent-fullwidth non-hundred-percent-height-scrolling\" style=\"--awb-border-radius-top-left:0px;--awb-border-radius-top-right:0px;--awb-border-radius-bottom-right:0px;--awb-border-radius-bottom-left:0px;\" ><div class=\"fusion-builder-row fusion-row fusion-flex-align-items-flex-start\" style=\"max-width:1248px;margin-left: calc(-4% \/ 2 );margin-right: calc(-4% \/ 2 );\"><div class=\"fusion-layout-column fusion_builder_column fusion-builder-column-0 fusion_builder_column_1_1 1_1 fusion-flex-column\" style=\"--awb-bg-size:cover;--awb-width-large:100%;--awb-margin-top-large:0px;--awb-spacing-right-large:1.92%;--awb-margin-bottom-large:20px;--awb-spacing-left-large:1.92%;--awb-width-medium:100%;--awb-order-medium:0;--awb-spacing-right-medium:1.92%;--awb-spacing-left-medium:1.92%;--awb-width-small:100%;--awb-order-small:0;--awb-spacing-right-small:1.92%;--awb-spacing-left-small:1.92%;\"><div class=\"fusion-column-wrapper fusion-column-has-shadow fusion-flex-justify-content-flex-start fusion-content-layout-column\"><div class=\"fusion-text fusion-text-1\"><h3>IL CLUB<\/h3>\n<p>IL LIONS CLUB TREVISO SILE NASCE IL 18 GIUGNO DEL 1983. IL SUO CLUB SPONSOR \u00c8 IL LIGNANO SABBIADORO ED IL LION GUIDA \u00c8 LUCIANO GAIO DEL LIONS CLUB VALDOBBIADENE.<\/p>\n<h5>SOCI FONDATORI TUTTORA MEMBRI:<\/h5>\n<ul>\n<li>ETTORE CONTE<\/li>\n<li>BRUNO TOMADINI<\/li>\n<li>PAOLO VALVO<\/li>\n<\/ul>\n<h5>SOCI FONDATORI:<\/h5>\n<ul>\n<li>\n<p>GIANPAOLO AGNOLI<\/p>\n<\/li>\n<li>\n<p>MARIO AITE<\/p>\n<\/li>\n<li>\n<p>PAOLO FINAZZI<\/p>\n<\/li>\n<li>\n<p>GIOVANNI LEONE<\/p>\n<\/li>\n<li>\n<p>ERMINIO MACCATROZZO<\/p>\n<\/li>\n<li>\n<p>GIOVANNI PAOLO MARTON<\/p>\n<\/li>\n<li>\n<p>DANIELE PAGGIARO<\/p>\n<\/li>\n<li>\n<p>GIORDANO PAVAN<\/p>\n<\/li>\n<li>\n<p>SILVANO RUSSO<\/p>\n<\/li>\n<li>\n<p>GUIDO SORBARA<\/p>\n<\/li>\n<li>\n<p>ALESSANDRO TOMASI<\/p>\n<\/li>\n<li>\n<p>ELIO TRAINITI<\/p>\n<\/li>\n<\/ul>\n<div class=\"Post-inner\">\n<p class=\"PostContent\">NEL CORSO DELLA PRIMA CHARTER NIGHT HA RICEVUTO IN DONO: IL GUIDONE DEGLI AMICI DEL CLUB DI VALDOBBIADENE, LA CAMPANA DAL LION GUIDA ED IL TRICOLORE DAL GEN. M.O. ENRICO REGINATO DEL LIONS CLUB TREVISO HOST. I TRENTUNO ANNI DI VITA DEL CLUB SONO CONNOTATI DALLA SOLERTE OPERA DEI SUOI SOCI, CHE HANNO OPERATO CON ENTUSIASMO, CAPACIT\u00c0 IDEATIVA E REALIZZATIVA PER PERSEGUIRE GLI SCOPI DEL LIONISMO NEI CAMPI DEL SOCIALE, DELLA CULTURA E DEL BENE CIVICO. TRA LE NUMEROSE INIZIATIVE PROMOSSE ED ATTUATE, TUTTE DI ALTO CONTENUTO MORALE E DI INDUBBIA VALENZA LIONISTICA, SPICCANO:<\/p>\n<ul>\n<li>L&#8217; ORGANIZZAZIONE DI UN SERVIZIO VETERINARIO GRATUITO A FAVORE DEI CANI GUIDA PER CIECHI (1983);<\/li>\n<li>L&#8217;ALLESTIMENTO DELLA 26\u00b0 GIORNATA NAZIONALE DEL CIECO (AEREOPORTO S.ANGELO TREVISO (1984);<\/li>\n<li>LA DONAZIONE DI UN PERSONAL COMPUTER ALL&#8217;U.I.C. PER LA REALIZZAZIONE DELLA SCRITTURA IN BRAILLE E CONSEGNA DI UN LIBRO DI FAVOLE IN BRAILLE AI BAMBINI CIECHI. SERVICE CONTINUATO NEGLI ANNI SUCCESSIVI (1983):<\/li>\n<li>L&#8217;ORGANIZZAZIONE DI UN CONGRESSO, IL PRIMO SUL TEMA, INCENTRATO SULLA DONAZIONE DEL SANGUE, COME DOVERE SOCIALE E ESIGENZA UMANA PER LA DIFFUSIONE DEGLI EMODERIVATI E LA DIFESA DALL&#8217;AIDS;<\/li>\n<li>IL SOSTEGNO ALLA COMUNIT\u00c0 DI RECUPERO DALLE TOSSICODIPENDENZE CEIS, CONCRETATASI NEL RIFACIMENTO DEL TETTO DELLA SEDE (1985), NELLA RISTRUTTURAZIONE DELLA STESSA (1988), NELLA COSTRUZIONE EX NOVO DI UN PRIMO CORPO CONSEGNATO NEL DICEMBRE DEL 1987, NELL&#8217;EDIFICAZIONE DI UN SECONDO CORPO INAUGURATO L&#8217;8 DICEMBRE 2001;<\/li>\n<li>LA SENSIBILIZZAZIONE DELLA POPOLAZIONE SULL&#8217;IMPEGNO LIONISTICO: PARTECIPANDO ALLA RACCOLTA DI FONDI PER TELETHON, PROMUOVENDO UNA LOTTERIA A FAVORE DEL CEIS AVENTE COME PRIMO PREMIO UN FIAT PANDA, ORGANIZZANDO UNA MANIFESTAZIONE TESA AD ILLUSTRARE L&#8217;ABILIT\u00c0 DEI CANI GIUDA ED I LORO ISTRUTTORI (1990);<\/li>\n<li>L&#8217;INNAUGURAZIONE A VILLA MANFRIN (TV) DI UN PERCORSO GUIDATO PER I NON VEDENTI (1990);<\/li>\n<li>LA CONSEGNA DI UNA BORSA DI STUDIO PER UNA TESI DI RILEVANTE INTERESSE SOCIALE (1992);<\/li>\n<li>LA CONFERENZA DEL PROF. ANDREJ ZALIZNJAK DELL&#8217;UNIVERSIT\u00c0 DI MOSCA SU &#8220;SCAVI ARCHEOLOGICI A NOVGORAD&#8221; (1991);<\/li>\n<li>LA CONFERENZA DEL SOTTOSEGRETARIO AL TESORO ON. MAURIZIO SACCONI SUL TEMA &#8220;LA MARCA TREVIGIANA ED IL NORD-EST NELLA NUOVA EUROPA&#8221; (1991);<\/li>\n<li>LA CONSEGNA ALLA COMUNIT\u00c0 QUADRIFOGLIO DI UN LABORATORIO ERGONOMICO DEDICATO ALLA MEMORIA DEL SOCIO PIERO CENEDESE (1993);<\/li>\n<li>L&#8217;ORGANIZZAZIONE, A PALAZZO DEI TRECENTO (TV), DI UN CONVEGNO SUL &#8220;DISAGIO GIOVANILE&#8221; CON LA PARTECIPAZIONE DEL CARDINALE ERSILIO TONINI, DEL PRF. CABRAS E DI GIORGIO LAGO IN QUALIT\u00c0 DI MODERATORE (1994);<\/li>\n<li>L&#8217;ORGANIZZAZIONE E LA CONDUZIONE, NEGLI ANNI 1994 &#8211; 1999, DELL&#8217;ORIENTAMENTO PROFESSIONALE, A FAVORE DEGLI ALUNNI DELL&#8217;ULTIMO ANNO DELLE SCUOLE SUPERIORI, CON INTERVENTI DI QUALIFICATI PROFESSIONISTI SU CIRCA TRENTA CAMPI DI INTERESSE;<\/li>\n<li>L&#8217;ORGANIZZAZIONE DI RAPPRESENTAZIONI TEATRALI ORGANIZZATE DALLE SINGOLE SCUOLE SUPERIORI DELLA CITT\u00c0, LA \u201cSCUOLA A TEATRO&#8221;, UNA INIZIATIVA FINALIZZATA A STIMOLARE INTERESSE CULTURALE, SPIRITO DI INTRAPRENDENZA ED AUTOCONTROLLO NEI GIOVANI, MEDIANTE L&#8217;ALLESTIMENTO DI SPETTACOLI DI PROSA, INTERPRETATI DAI MEDESIMI E DIRETTI DAGLI INSEGNANTI. L&#8217;ATTIVIT\u00c0 SVILUPPATA NEL PERIODO 1994 &#8211; 1999 \u00c8 ORA CONDOTTA DALL&#8217;AIDD, ASSOCIAZIONE DI VOLONTARIATO DI CUI FANNO PARTE TUTTI I CLUBS SERVICE DELLA CITT\u00c0 DI TREVISO;<\/li>\n<li>LA REALIZZAZIONE DI UN FILM DIDATTICO-EDUCATIVO DAL TITOLO &#8220;IL CONFINE INVISIBILE&#8221; COME CONCRETO APPORTO AL SERVICE OPERATIVO DISTRETTUALE &#8220;LA SCUOLA BASE PER LA FORMAZIONE DEI GIOVANI NELL&#8217;EUROPA DEL 2000 E APERTA ALL&#8217;INTEGRAZIONE DELLE CULTURE E DELLE DIVERSIT\u00c0&#8221;. IL SERVICE \u00c8 IN ATTO E SUSCETTIBILE DI ULTERIORI SVILUPPI IN RELAZIONE ALLE RISPOSTE DEGLI ISTITUTI SCOLASTICI, NATURALI DESTINATARI DELL&#8217;INIZIATIVA.<\/li>\n<li>LO STUDIO, IL PROGETTO E LE SUCCESSIVE APPROVAZIONE E REALIZZAZIONE DA PARTE DELLA GIUNTA COMUNALE DI TREVISO CON IL CONTRIBUTO DELL\u2019ENEL DELL\u2019ILLUMINAZIONE DEL FIUME CAGNAN, DEI SUOI SCORCI PI\u00d9 SUGGESTIVI E DI ALTRE ACQUE INTERNE ALLA CITT\u00c0.<\/li>\n<li>FILTRARE TREVISO: LA RICERCA E LO STUDIO SUGLI INQUINANTI ATMOSFERICI E SULL\u2019ELIMINAZIONE DELLE \u201dPOLVERI SOTTILI\u201d MEDIANTE L\u2019INSTALLAZIONE DI PANNELLI ASSORBENTI LUNGO L\u2019ANELLO ESTERNO DEL PUT IN COLLABORAZIONE CON L\u2019UNIVERSIT\u00c0 DI ANCONA.<\/li>\n<li>L\u2019ORGANIZZAZIONE DI UN CORSO DI ALFABETIZZAZIONE PER IMMIGRATI CINESI NELL\u2019OTTICA DELL\u2019INTEGRAZIONE MULTIETNICA.<\/li>\n<li>LA SENSIBILIZZAZIONE DEI GIOVANI PER STIMOLARE L\u2019USO DEL CASCO MOTOCICLISTICO E L\u2019ORGANIZZAZIONE DI UN CONVEGNO (A LIVELLO REGIONALE) PER ANALIZZARE ED EVIDENZIARE \u2013 DAL PUNTO DI VISTA SOCIALE, MEDICO-LEGALE ED ECONOMICO \u2013 LE PROBLEMATICHE DERIVANTI AI GIOVANI VITTIME DI TRAUMI STRADALI.<\/li>\n<li>LA PROGETTAZIONE E LA REALIZZAZIONE DI CINQUE AULE DIDATTICHE ALL\u2019INTERNO DELLE CARCERI DI S. BONA A TREVISO.<\/li>\n<li>L\u2019ORGANIZZAZIONE DI UN CONCERTO \u201cCOVER DEI BEATLES\u201d AL PALAVERDE DI TREVISO (SERVICE INTERCLUB DI ZONA \u201cA\u201d) CON LA RACCOLTA DI OLTRE 50.000 EURO PER IL SERVICE \u201cSIGHT FIRST II\u201d PER LA LOTTA MONDIALE ALLA CECIT\u00c0.<\/li>\n<li>L\u2019IDEAZIONE, LA STESURA, LA STAMPA E LA DISTRIBUZIONE DI UN LIBRO SU COME UN BAMBINO \u00c8 RIUSCITO A SUPERARE L\u2019AUTISMO: IL VOLUME RIPORTA PASSO-PASSO I TENTATIVI DI INTERVENTO ATTRAVERSO I QUALI UN BAMBINO AFFETTO DA DSA \u00c8 RIUSCITO AD OTTENERE UNA REMISSIONE QUASI TOTALE DEI SINTOMI.<\/li>\n<li>LA PIANTUMAZIONE DI 75 ALBERI PER LA CREAZIONE DI UN PARCO (DEDICATO A MELWIN JONES FONDATORE DEL LIONS CLUB INTERNATIONAL) IN UN QUARTIERE DELLA CITT\u00c0.<\/li>\n<li>L\u2019IDEAZIONE, LA REALIZZAZIONE E LO SVILUPPO E DI UN SOCIAL NETWORK CONTROLLATO CHE PERMETTA AI RAGAZZI DELLE SCUOLE MEDIE DI RELAZIONARSI TRA LORO IN TUTTA SICUREZZA SENZA I PERICOLI DERIVANTI DALL\u2019USO DELLA RETE DI INTERNET: IL QWERT. (VED. SPAZIO DEDICATO).<\/li>\n<\/ul>\n<h4>WE SERVE<\/h4>\n<\/div>\n<div class=\"Post-body\">\n<div class=\"Post-inner\">\n<div class=\"PostContent\">Fanno parte di un Lions Club persone di maggiore et\u00e0, uomini e donne, di cristallina moralit\u00e0. occupanti una posizione sociale rispettata ed apprezzata nella comunit\u00e0 in cui ciascuno vive e che abbiano la vocazione a dedicare una parte del loro tempo a migliorare l&#8217;assetto socio-economico-morale della propria citt\u00e0 venendo incontro ai bisogni fisici, sociali e morali dei meno fortunati, dei diseredati e di quanti non hanno voce per difendere i loro diritti fondamentali.<\/div>\n<\/div>\n<\/div>\n<\/div><\/div><\/div><\/div><\/div>\n","protected":false},"excerpt":{"rendered":"","protected":false},"author":1,"featured_media":0,"parent":0,"menu_order":0,"comment_status":"closed","ping_status":"closed","template":"100-width.php","meta":{"footnotes":""},"class_list":["post-1071","page","type-page","status-publish","hentry"],"_links":{"self":[{"href":"https:\/\/www.lionstrevisosile.com\/index.php?rest_route=\/wp\/v2\/pages\/1071","targetHints":{"allow":["GET"]}}],"collection":[{"href":"https:\/\/www.lionstrevisosile.com\/index.php?rest_route=\/wp\/v2\/pages"}],"about":[{"href":"https:\/\/www.lionstrevisosile.com\/index.php?rest_route=\/wp\/v2\/types\/page"}],"author":[{"embeddable":true,"href":"https:\/\/www.lionstrevisosile.com\/index.php?rest_route=\/wp\/v2\/users\/1"}],"replies":[{"embeddable":true,"href":"https:\/\/www.lionstrevisosile.com\/index.php?rest_route=%2Fwp%2Fv2%2Fcomments&post=1071"}],"version-history":[{"count":7,"href":"https:\/\/www.lionstrevisosile.com\/index.php?rest_route=\/wp\/v2\/pages\/1071\/revisions"}],"predecessor-version":[{"id":1243,"href":"https:\/\/www.lionstrevisosile.com\/index.php?rest_route=\/wp\/v2\/pages\/1071\/revisions\/1243"}],"wp:attachment":[{"href":"https:\/\/www.lionstrevisosile.com\/index.php?rest_route=%2Fwp%2Fv2%2Fmedia&parent=1071"}],"curies":[{"name":"wp","href":"https:\/\/api.w.org\/{rel}","templated":true}]}}