{"id":1067,"date":"2017-10-27T11:12:54","date_gmt":"2017-10-27T09:12:54","guid":{"rendered":"http:\/\/new.lions-treviso-sile.it\/?page_id=1067"},"modified":"2022-10-22T12:42:15","modified_gmt":"2022-10-22T10:42:15","slug":"about_info","status":"publish","type":"page","link":"https:\/\/www.lionstrevisosile.com\/?page_id=1067","title":{"rendered":"Info"},"content":{"rendered":"<div class=\"fusion-fullwidth fullwidth-box fusion-builder-row-1 fusion-flex-container has-pattern-background has-mask-background nonhundred-percent-fullwidth non-hundred-percent-height-scrolling\" style=\"--awb-border-radius-top-left:0px;--awb-border-radius-top-right:0px;--awb-border-radius-bottom-right:0px;--awb-border-radius-bottom-left:0px;\" ><div class=\"fusion-builder-row fusion-row fusion-flex-align-items-flex-start\" style=\"max-width:1248px;margin-left: calc(-4% \/ 2 );margin-right: calc(-4% \/ 2 );\"><div class=\"fusion-layout-column fusion_builder_column fusion-builder-column-0 fusion_builder_column_1_1 1_1 fusion-flex-column\" style=\"--awb-bg-size:cover;--awb-width-large:100%;--awb-margin-top-large:0px;--awb-spacing-right-large:1.92%;--awb-margin-bottom-large:20px;--awb-spacing-left-large:1.92%;--awb-width-medium:100%;--awb-order-medium:0;--awb-spacing-right-medium:1.92%;--awb-spacing-left-medium:1.92%;--awb-width-small:100%;--awb-order-small:0;--awb-spacing-right-small:1.92%;--awb-spacing-left-small:1.92%;\"><div class=\"fusion-column-wrapper fusion-column-has-shadow fusion-flex-justify-content-flex-start fusion-content-layout-column\"><div class=\"fusion-text fusion-text-1\"><h3>CODICE DELL&#8217;ETICA LIONISTICA\u00a0<\/h3>\n<h5 style=\"text-align: left;\">DIMOSTRARE<\/h5>\n<p style=\"text-align: left;\">con l&#8217;eccellenza delle opere e la solerzia del lavoro, la seriet\u00e0 della vocazione professionale.<\/p>\n<h5 style=\"text-align: left;\">PERSEGUIRE<\/h5>\n<p style=\"text-align: left;\">il successo, domandare le giuste retribuzioni e conseguire i giusti profitti senza pregiudicare la dignit\u00e0 e l&#8217;onore con atti sleali ed azioni meno che corrette.<\/p>\n<h5 style=\"text-align: left;\">RICORDARE<\/h5>\n<p style=\"text-align: left;\">che nello svolgere le proprie attivit\u00e0 non si deve danneggiare quella degli altri; essere leali con tutti, sinceri con se stessi.<\/p>\n<h5 style=\"text-align: left;\">AFFRONTARE<\/h5>\n<p style=\"text-align: left;\">con spirito di altruismo ogni dubbio o protesta nei confronti di altri e, se necessario, risolverlo anche contro il proprio interesse.<\/p>\n<h5 style=\"text-align: left;\">CONSIDERARE L &#8216; AMICIZIA<\/h5>\n<p style=\"text-align: left;\">come fine e non come mezzo, nella convinzione che la vera amicizia non esiste per i vantaggi che pu\u00f2 offrire, ma per accettare nei benefici lo spirito che li anima.<\/p>\n<h5 style=\"text-align: left;\">AVERE SEMPRE PRESENTI<\/h5>\n<p style=\"text-align: left;\">i doveri di cittadino verso la patria, lo Stato, la comunit\u00e0 nella quale ciascuno vive; prestar loro con lealt\u00e0 sentimenti, opere, lavoro, tempo e denaro.<\/p>\n<h5 style=\"text-align: left;\">ESSERE SOLIDALE<\/h5>\n<p style=\"text-align: left;\">con il prossimo mediante l&#8217;aiuto ai deboli, i soccorsi ai bisognosi, la simpatia ai sofferenti.<\/p>\n<h5 style=\"text-align: left;\">ESSER CAUTO<\/h5>\n<p style=\"text-align: left;\">nella critica, generoso nella lode, sempre mirando a costruire e non a distruggere.<\/p>\n<\/div><div class=\"fusion-text fusion-text-2\"><div class=\"Post\">\n<div class=\"Post-body\">\n<div class=\"Post-inner\">\n<div class=\"PostContent\">\n<h3>SCOPI DEL LIONISMO<\/h3>\n<h5>CREARE<\/h5>\n<p>e stimolare uno spirito di comprensione fra i popoli del mondo.<\/p>\n<h5>PROMUOVERE<\/h5>\n<p>i principi di buon governo e di buona cittadinanza.<\/p>\n<h5>PRENDERE<\/h5>\n<p>attivo interesse al bene civico, culturale, sociale e morale della comunit\u00e0.<\/p>\n<h5>UNIRE<\/h5>\n<p>i Clubs con i vincoli dell&#8217;amicizia e della reciproca comprensione.<\/p>\n<h5>STABILIRE<\/h5>\n<p>una sede per la libera ed aperta discussione di tutti gli argomenti di interesse pubblico, con la sola eccezione della politica di partito e del settarismo religioso.<\/p>\n<h5>INCORAGGIARE<\/h5>\n<p>le persone disponibili al &#8220;servizio&#8221; a migliorare la loro comunit\u00e0 senza scopo di lucro ed a promuovere un costante eleva mento del livello di efficienza e di seriet\u00e0 morale nel commercio, nell&#8217;industria, nelle professioni, nelle attivit\u00e0 pubbliche ed anche nel comportamento privato.<\/p>\n<table class=\"table\" width=\"100%\">\n<tbody>\n<tr>\n<td valign=\"top\" width=\"33%\">\n<div class=\"Block-body\">\n<div class=\"BlockHeader\">\n<div class=\"BlockHeader-text\"><center>SEGRETARIO<\/center><\/div>\n<div class=\"l\">\u00a0<\/div>\n<div class=\"r\">\u00a0<\/div>\n<\/div>\n<div class=\"BlockContent\">\n<div class=\"PostContent\">\n<p style=\"text-align: center;\"><a href=\"mailto:segretario@lions-treviso-sile.it\">segretario@lions-treviso-sile.it<\/a><\/p>\n<\/div>\n<\/div>\n<\/div>\n<\/td>\n<td valign=\"top\" width=\"33%\">\n<div class=\"Block-body\">\n<div class=\"BlockHeader\">\n<div class=\"BlockHeader-text\"><center>INFORMAZIONI<\/center><\/div>\n<div class=\"l\">\u00a0<\/div>\n<div class=\"r\">\u00a0<\/div>\n<\/div>\n<div class=\"BlockContent\">\n<div class=\"PostContent\">\n<p style=\"text-align: center;\"><a href=\"mailto:info@lions-treviso-sile.it\">info@lions-treviso-sile.it<\/a><\/p>\n<\/div>\n<\/div>\n<\/div>\n<\/td>\n<td valign=\"top\" width=\"33%\">\n<div class=\"Block-body\">\n<div class=\"BlockHeader\">\n<div class=\"BlockHeader-text\"><center>PRESIDENTE<\/center><\/div>\n<div class=\"l\">\u00a0<\/div>\n<div class=\"r\">\u00a0<\/div>\n<\/div>\n<div class=\"BlockContent\">\n<div class=\"PostContent\">\n<p style=\"text-align: center;\"><a href=\"mailto:presidente@lions-treviso-sile.it\">presidente@lions-treviso-sile.it<\/a><\/p>\n<\/div>\n<\/div>\n<\/div>\n<\/td>\n<\/tr>\n<\/tbody>\n<\/table>\n<\/div>\n<p class=\"cleared\">\u00a0<\/p>\n<\/div>\n<\/div>\n<\/div>\n<div class=\"Post\">\n<div class=\"Post-body\">\n<div class=\"Post-inner\">\n<h3 class=\"PostMetadataHeader\"><span class=\"PostHeader\">WE SERVE<\/span><\/h3>\n<div class=\"PostContent\">\n<p>Fanno parte di un Lions Club persone di maggiore et\u00e0, uomini e donne, di cristallina moralit\u00e0. occupanti una posizione sociale rispettata ed apprezzata nella comunit\u00e0 in cui ciascuno vive e che abbiano la vocazione a dedicare una parte del loro tempo a migliorare l&#8217;assetto socio-economico-morale della propria citt\u00e0 venendo incontro ai bisogni fisici, sociali e morali dei meno fortunati, dei diseredati e di quanti non hanno voce per difendere i loro diritti fondamentali.<\/p>\n<\/div>\n<\/div>\n<\/div>\n<\/div>\n<\/div><\/div><\/div><\/div><\/div>\n","protected":false},"excerpt":{"rendered":"","protected":false},"author":1,"featured_media":0,"parent":0,"menu_order":0,"comment_status":"closed","ping_status":"closed","template":"100-width.php","meta":{"footnotes":""},"class_list":["post-1067","page","type-page","status-publish","hentry"],"_links":{"self":[{"href":"https:\/\/www.lionstrevisosile.com\/index.php?rest_route=\/wp\/v2\/pages\/1067","targetHints":{"allow":["GET"]}}],"collection":[{"href":"https:\/\/www.lionstrevisosile.com\/index.php?rest_route=\/wp\/v2\/pages"}],"about":[{"href":"https:\/\/www.lionstrevisosile.com\/index.php?rest_route=\/wp\/v2\/types\/page"}],"author":[{"embeddable":true,"href":"https:\/\/www.lionstrevisosile.com\/index.php?rest_route=\/wp\/v2\/users\/1"}],"replies":[{"embeddable":true,"href":"https:\/\/www.lionstrevisosile.com\/index.php?rest_route=%2Fwp%2Fv2%2Fcomments&post=1067"}],"version-history":[{"count":15,"href":"https:\/\/www.lionstrevisosile.com\/index.php?rest_route=\/wp\/v2\/pages\/1067\/revisions"}],"predecessor-version":[{"id":1239,"href":"https:\/\/www.lionstrevisosile.com\/index.php?rest_route=\/wp\/v2\/pages\/1067\/revisions\/1239"}],"wp:attachment":[{"href":"https:\/\/www.lionstrevisosile.com\/index.php?rest_route=%2Fwp%2Fv2%2Fmedia&parent=1067"}],"curies":[{"name":"wp","href":"https:\/\/api.w.org\/{rel}","templated":true}]}}